{"id":3641,"date":"2024-01-19T17:33:11","date_gmt":"2024-01-19T20:33:11","guid":{"rendered":"https:\/\/pinheirodesa.com\/sac\/?page_id=3641"},"modified":"2026-03-09T22:43:47","modified_gmt":"2026-03-10T01:43:47","slug":"manutencao","status":"publish","type":"page","link":"https:\/\/pinheirodesa.com\/sac\/manutencao\/","title":{"rendered":"Manuten\u00e7\u00e3o"},"content":{"rendered":"\t\t<div data-elementor-type=\"wp-page\" data-elementor-id=\"3641\" class=\"elementor elementor-3641\" data-elementor-post-type=\"page\">\n\t\t\t\t\t\t<section class=\"elementor-section elementor-top-section elementor-element elementor-element-2c4344cc elementor-section-full_width elementor-hidden-tablet elementor-hidden-mobile elementor-section-height-default elementor-section-height-default\" data-id=\"2c4344cc\" data-element_type=\"section\" data-e-type=\"section\">\n\t\t\t\t\t\t<div class=\"elementor-container elementor-column-gap-no\">\n\t\t\t\t\t<div class=\"elementor-column elementor-col-100 elementor-top-column elementor-element elementor-element-5e438145\" data-id=\"5e438145\" data-element_type=\"column\" data-e-type=\"column\">\n\t\t\t<div class=\"elementor-widget-wrap elementor-element-populated\">\n\t\t\t\t\t\t<div class=\"elementor-element elementor-element-b063300 elementor-widget elementor-widget-spacer\" data-id=\"b063300\" data-element_type=\"widget\" data-e-type=\"widget\" data-widget_type=\"spacer.default\">\n\t\t\t\t<div class=\"elementor-widget-container\">\n\t\t\t\t\t\t\t<div class=\"elementor-spacer\">\n\t\t\t<div class=\"elementor-spacer-inner\"><\/div>\n\t\t<\/div>\n\t\t\t\t\t\t<\/div>\n\t\t\t\t<\/div>\n\t\t\t\t<div class=\"elementor-element elementor-element-dac168c elementor-widget elementor-widget-image\" data-id=\"dac168c\" data-element_type=\"widget\" data-e-type=\"widget\" data-widget_type=\"image.default\">\n\t\t\t\t<div class=\"elementor-widget-container\">\n\t\t\t\t\t\t\t\t\t\t\t\t\t\t\t<img decoding=\"async\" width=\"300\" height=\"50\" src=\"https:\/\/pinheirodesa.com\/sac\/wp-content\/uploads\/2024\/01\/Logo-2.png\" class=\"attachment-large size-large wp-image-3707\" alt=\"\" \/>\t\t\t\t\t\t\t\t\t\t\t\t\t\t\t<\/div>\n\t\t\t\t<\/div>\n\t\t\t\t\t<\/div>\n\t\t<\/div>\n\t\t\t\t\t<\/div>\n\t\t<\/section>\n\t\t\t\t<section class=\"elementor-section elementor-top-section elementor-element elementor-element-485d6c0 elementor-section-boxed elementor-section-height-default elementor-section-height-default\" data-id=\"485d6c0\" data-element_type=\"section\" data-e-type=\"section\">\n\t\t\t\t\t\t<div class=\"elementor-container elementor-column-gap-default\">\n\t\t\t\t\t<div class=\"elementor-column elementor-col-100 elementor-top-column elementor-element elementor-element-ee4add5\" data-id=\"ee4add5\" data-element_type=\"column\" data-e-type=\"column\">\n\t\t\t<div class=\"elementor-widget-wrap elementor-element-populated\">\n\t\t\t\t\t\t<div class=\"elementor-element elementor-element-2b638fe elementor-widget elementor-widget-text-editor\" data-id=\"2b638fe\" data-element_type=\"widget\" data-e-type=\"widget\" data-widget_type=\"text-editor.default\">\n\t\t\t\t<div class=\"elementor-widget-container\">\n\t\t\t\t\t\t\t\t\tPreencha o formul\u00e1rio a baixo e descreva sua solicita\u00e7\u00e3o\t\t\t\t\t\t\t\t<\/div>\n\t\t\t\t<\/div>\n\t\t\t\t<div class=\"elementor-element elementor-element-7c82599 elementor-widget elementor-widget-text-editor\" data-id=\"7c82599\" data-element_type=\"widget\" data-e-type=\"widget\" data-widget_type=\"text-editor.default\">\n\t\t\t\t<div class=\"elementor-widget-container\">\n\t\t\t\t\t\t\t\t\tEntraremos em contato o quanto antes para lhe atender\t\t\t\t\t\t\t\t<\/div>\n\t\t\t\t<\/div>\n\t\t\t\t\t<\/div>\n\t\t<\/div>\n\t\t\t\t\t<\/div>\n\t\t<\/section>\n\t\t\t\t<section class=\"elementor-section elementor-top-section elementor-element elementor-element-26a799d7 elementor-section-boxed elementor-section-height-default elementor-section-height-default\" data-id=\"26a799d7\" data-element_type=\"section\" data-e-type=\"section\">\n\t\t\t\t\t\t<div class=\"elementor-container elementor-column-gap-default\">\n\t\t\t\t\t<div class=\"elementor-column elementor-col-66 elementor-top-column elementor-element elementor-element-7aa184b7\" data-id=\"7aa184b7\" data-element_type=\"column\" data-e-type=\"column\">\n\t\t\t<div class=\"elementor-widget-wrap elementor-element-populated\">\n\t\t\t\t\t\t<div class=\"elementor-element elementor-element-186a2a8b elementor-button-align-start elementor-widget elementor-widget-form\" data-id=\"186a2a8b\" data-element_type=\"widget\" data-e-type=\"widget\" data-settings=\"{&quot;step_next_label&quot;:&quot;Next&quot;,&quot;step_previous_label&quot;:&quot;Previous&quot;,&quot;button_width&quot;:&quot;100&quot;,&quot;step_type&quot;:&quot;number_text&quot;,&quot;step_icon_shape&quot;:&quot;circle&quot;}\" data-widget_type=\"form.default\">\n\t\t\t\t<div class=\"elementor-widget-container\">\n\t\t\t\t\t\t\t<form class=\"elementor-form\" method=\"post\" name=\"Solicita\u00e7\u00e3o de Atendimento - SAC\" aria-label=\"Solicita\u00e7\u00e3o de Atendimento - SAC\" novalidate=\"\">\n\t\t\t<input type=\"hidden\" name=\"post_id\" value=\"3641\"\/>\n\t\t\t<input type=\"hidden\" name=\"form_id\" value=\"186a2a8b\"\/>\n\t\t\t<input type=\"hidden\" name=\"referer_title\" value=\"Manuten\u00e7\u00e3o\" \/>\n\n\t\t\t\t\t\t\t<input type=\"hidden\" name=\"queried_id\" value=\"3641\"\/>\n\t\t\t\n\t\t\t<div class=\"elementor-form-fields-wrapper elementor-labels-above\">\n\t\t\t\t\t\t\t\t<div class=\"elementor-field-type-text elementor-field-group elementor-column elementor-field-group-name elementor-col-100 elementor-field-required\">\n\t\t\t\t\t\t\t\t\t\t\t\t\t<input size=\"1\" type=\"text\" name=\"form_fields[name]\" id=\"form-field-name\" class=\"elementor-field elementor-size-sm  elementor-field-textual\" placeholder=\"Nome\" required=\"required\">\n\t\t\t\t\t\t\t\t\t\t\t<\/div>\n\t\t\t\t\t\t\t\t<div class=\"elementor-field-type-email elementor-field-group elementor-column elementor-field-group-email elementor-col-33 elementor-field-required\">\n\t\t\t\t\t\t\t\t\t\t\t\t\t<input size=\"1\" type=\"email\" name=\"form_fields[email]\" id=\"form-field-email\" class=\"elementor-field elementor-size-sm  elementor-field-textual\" placeholder=\"E-mail\" required=\"required\">\n\t\t\t\t\t\t\t\t\t\t\t<\/div>\n\t\t\t\t\t\t\t\t<div class=\"elementor-field-type-tel elementor-field-group elementor-column elementor-field-group-field_97bb00b elementor-col-33 elementor-field-required\">\n\t\t\t\t\t\t\t<input size=\"1\" type=\"tel\" name=\"form_fields[field_97bb00b]\" id=\"form-field-field_97bb00b\" class=\"elementor-field elementor-size-sm  elementor-field-textual\" placeholder=\"Telefone\" required=\"required\" pattern=\"[0-9()#&amp;+*-=.]+\" title=\"Only numbers and phone characters (#, -, *, etc) are accepted.\">\n\n\t\t\t\t\t\t<\/div>\n\t\t\t\t\t\t\t\t<div class=\"elementor-field-type-text elementor-field-group elementor-column elementor-field-group-field_24ae2d5 elementor-col-33 elementor-field-required\">\n\t\t\t\t\t\t\t\t\t\t\t\t\t<input size=\"1\" type=\"text\" name=\"form_fields[field_24ae2d5]\" id=\"form-field-field_24ae2d5\" class=\"elementor-field elementor-size-sm  elementor-field-textual\" placeholder=\"N.\u00ba da Unidade\" required=\"required\">\n\t\t\t\t\t\t\t\t\t\t\t<\/div>\n\t\t\t\t\t\t\t\t<div class=\"elementor-field-type-select elementor-field-group elementor-column elementor-field-group-field_36874fd elementor-col-50 elementor-field-required\">\n\t\t\t\t\t\t\t\t\t\t\t\t<label for=\"form-field-field_36874fd\" class=\"elementor-field-label\">\n\t\t\t\t\t\t\t\tSelecione seu Empreendimento\t\t\t\t\t\t\t<\/label>\n\t\t\t\t\t\t\t\t<div class=\"elementor-field elementor-select-wrapper remove-before \">\n\t\t\t<div class=\"select-caret-down-wrapper\">\n\t\t\t\t<i aria-hidden=\"true\" class=\"eicon-caret-down\"><\/i>\t\t\t<\/div>\n\t\t\t<select name=\"form_fields[field_36874fd]\" id=\"form-field-field_36874fd\" class=\"elementor-field-textual elementor-size-sm\" required=\"required\">\n\t\t\t\t\t\t\t\t\t<option value=\"Victoria Residence\">Victoria Residence<\/option>\n\t\t\t\t\t\t\t\t\t<option value=\"Condom\u00ednio Vale da Lagoa\">Condom\u00ednio Vale da Lagoa<\/option>\n\t\t\t\t\t\t\t\t\t<option value=\"Costa de Itaparica Residencial\">Costa de Itaparica Residencial<\/option>\n\t\t\t\t\t\t\t\t\t<option value=\"Vivenda Tropical Condom\u00ednio Clube\">Vivenda Tropical Condom\u00ednio Clube<\/option>\n\t\t\t\t\t\t\t\t\t<option value=\"Outros\">Outros<\/option>\n\t\t\t\t\t\t\t<\/select>\n\t\t<\/div>\n\t\t\t\t\t\t<\/div>\n\t\t\t\t\t\t\t\t<div class=\"elementor-field-type-select elementor-field-group elementor-column elementor-field-group-field_2b560bc elementor-col-50 elementor-field-required\">\n\t\t\t\t\t\t\t\t\t\t\t\t<label for=\"form-field-field_2b560bc\" class=\"elementor-field-label\">\n\t\t\t\t\t\t\t\tSelecione a Categoria\t\t\t\t\t\t\t<\/label>\n\t\t\t\t\t\t\t\t<div class=\"elementor-field elementor-select-wrapper remove-before \">\n\t\t\t<div class=\"select-caret-down-wrapper\">\n\t\t\t\t<i aria-hidden=\"true\" class=\"eicon-caret-down\"><\/i>\t\t\t<\/div>\n\t\t\t<select name=\"form_fields[field_2b560bc]\" id=\"form-field-field_2b560bc\" class=\"elementor-field-textual elementor-size-sm\" required=\"required\">\n\t\t\t\t\t\t\t\t\t<option value=\"Hidrosanit\u00e1rio\">Hidrosanit\u00e1rio<\/option>\n\t\t\t\t\t\t\t\t\t<option value=\"El\u00e9trica\">El\u00e9trica<\/option>\n\t\t\t\t\t\t\t\t\t<option value=\"Piso\">Piso<\/option>\n\t\t\t\t\t\t\t\t\t<option value=\"Fachada\">Fachada<\/option>\n\t\t\t\t\t\t\t\t\t<option value=\"Portas e Rodap\u00e9s\">Portas e Rodap\u00e9s<\/option>\n\t\t\t\t\t\t\t\t\t<option value=\"Metais\">Metais<\/option>\n\t\t\t\t\t\t\t\t\t<option value=\"Impermeabiliza\u00e7\u00e3o\">Impermeabiliza\u00e7\u00e3o<\/option>\n\t\t\t\t\t\t\t\t\t<option value=\"Pintura Interna\">Pintura Interna<\/option>\n\t\t\t\t\t\t\t\t\t<option value=\"Pintura Externa\">Pintura Externa<\/option>\n\t\t\t\t\t\t\t\t\t<option value=\"Revestimentos\">Revestimentos<\/option>\n\t\t\t\t\t\t\t\t\t<option value=\"Rejuntes\">Rejuntes<\/option>\n\t\t\t\t\t\t\t\t\t<option value=\"Infiltra\u00e7\u00e3o\">Infiltra\u00e7\u00e3o<\/option>\n\t\t\t\t\t\t\t\t\t<option value=\"Esquadrias\">Esquadrias<\/option>\n\t\t\t\t\t\t\t\t\t<option value=\"G\u00e1s\">G\u00e1s<\/option>\n\t\t\t\t\t\t\t\t\t<option value=\"Trinca Externa\">Trinca Externa<\/option>\n\t\t\t\t\t\t\t\t\t<option value=\"Trinca Interna\">Trinca Interna<\/option>\n\t\t\t\t\t\t\t<\/select>\n\t\t<\/div>\n\t\t\t\t\t\t<\/div>\n\t\t\t\t\t\t\t\t<div class=\"elementor-field-type-textarea elementor-field-group elementor-column elementor-field-group-message elementor-col-100\">\n\t\t\t\t\t<textarea class=\"elementor-field-textual elementor-field  elementor-size-sm\" name=\"form_fields[message]\" id=\"form-field-message\" rows=\"4\" placeholder=\"Mensagem\"><\/textarea>\t\t\t\t<\/div>\n\t\t\t\t\t\t\t\t<div class=\"elementor-field-type-upload elementor-field-group elementor-column elementor-field-group-field_b19ffe7 elementor-col-100\">\n\t\t\t\t\t\t\t\t\t\t\t\t<label for=\"form-field-field_b19ffe7\" class=\"elementor-field-label\">\n\t\t\t\t\t\t\t\tAnexos\t\t\t\t\t\t\t<\/label>\n\t\t\t\t\t\t\t\t<input type=\"file\" name=\"form_fields[field_b19ffe7]\" id=\"form-field-field_b19ffe7\" class=\"elementor-field elementor-size-sm  elementor-upload-field\">\n\n\t\t\t\t\t\t<\/div>\n\t\t\t\t\t\t\t\t<div class=\"elementor-field-type-text\">\n\t\t\t\t\t<input size=\"1\" type=\"text\" name=\"form_fields[field_d616368]\" id=\"form-field-field_d616368\" class=\"elementor-field elementor-size-sm \" style=\"display:none !important;\">\t\t\t\t<\/div>\n\t\t\t\t\t\t\t\t<div class=\"elementor-field-group elementor-column elementor-field-type-submit elementor-col-100 e-form__buttons\">\n\t\t\t\t\t<button class=\"elementor-button elementor-size-xs\" type=\"submit\">\n\t\t\t\t\t\t<span class=\"elementor-button-content-wrapper\">\n\t\t\t\t\t\t\t\t\t\t\t\t\t\t\t<span class=\"elementor-button-icon\">\n\t\t\t\t\t\t\t\t\t<i aria-hidden=\"true\" class=\"fas fa-angle-right\"><\/i>\t\t\t\t\t\t\t\t\t\t\t\t\t\t\t\t\t<\/span>\n\t\t\t\t\t\t\t\t\t\t\t\t\t\t\t\t\t\t\t\t\t\t<span class=\"elementor-button-text\">ENVIAR SOLICITA\u00c7\u00c3O<\/span>\n\t\t\t\t\t\t\t\t\t\t\t\t\t<\/span>\n\t\t\t\t\t<\/button>\n\t\t\t\t<\/div>\n\t\t\t<\/div>\n\t\t<\/form>\n\t\t\t\t\t\t<\/div>\n\t\t\t\t<\/div>\n\t\t\t\t\t<\/div>\n\t\t<\/div>\n\t\t\t\t<div class=\"elementor-column elementor-col-33 elementor-top-column elementor-element elementor-element-546fe79b\" data-id=\"546fe79b\" data-element_type=\"column\" data-e-type=\"column\">\n\t\t\t<div class=\"elementor-widget-wrap elementor-element-populated\">\n\t\t\t\t\t\t<div class=\"elementor-element elementor-element-397cdb39 elementor-widget elementor-widget-image\" data-id=\"397cdb39\" data-element_type=\"widget\" data-e-type=\"widget\" data-widget_type=\"image.default\">\n\t\t\t\t<div class=\"elementor-widget-container\">\n\t\t\t\t\t\t\t\t\t\t\t\t\t\t\t<img fetchpriority=\"high\" decoding=\"async\" width=\"360\" height=\"480\" src=\"https:\/\/pinheirodesa.com\/sac\/wp-content\/uploads\/2024\/01\/sac.jpg\" class=\"attachment-large size-large wp-image-3643\" alt=\"\" srcset=\"https:\/\/pinheirodesa.com\/sac\/wp-content\/uploads\/2024\/01\/sac.jpg 360w, https:\/\/pinheirodesa.com\/sac\/wp-content\/uploads\/2024\/01\/sac-225x300.jpg 225w\" sizes=\"(max-width: 360px) 100vw, 360px\" \/>\t\t\t\t\t\t\t\t\t\t\t\t\t\t\t<\/div>\n\t\t\t\t<\/div>\n\t\t\t\t\t<\/div>\n\t\t<\/div>\n\t\t\t\t\t<\/div>\n\t\t<\/section>\n\t\t\t\t<section class=\"elementor-section elementor-top-section elementor-element elementor-element-91ebb03 elementor-section-boxed elementor-section-height-default elementor-section-height-default\" data-id=\"91ebb03\" data-element_type=\"section\" data-e-type=\"section\">\n\t\t\t\t\t\t<div class=\"elementor-container elementor-column-gap-default\">\n\t\t\t\t\t<div class=\"elementor-column elementor-col-100 elementor-top-column elementor-element elementor-element-339d605\" data-id=\"339d605\" data-element_type=\"column\" data-e-type=\"column\">\n\t\t\t<div class=\"elementor-widget-wrap elementor-element-populated\">\n\t\t\t\t\t\t<div class=\"elementor-element elementor-element-743f1b4 elementor-align-center elementor-widget elementor-widget-button\" data-id=\"743f1b4\" data-element_type=\"widget\" data-e-type=\"widget\" data-widget_type=\"button.default\">\n\t\t\t\t<div class=\"elementor-widget-container\">\n\t\t\t\t\t\t\t\t\t<div class=\"elementor-button-wrapper\">\n\t\t\t\t\t<a class=\"elementor-button elementor-button-link elementor-size-sm\" href=\"https:\/\/pinheirodesa.com\/\">\n\t\t\t\t\t\t<span class=\"elementor-button-content-wrapper\">\n\t\t\t\t\t\t<span class=\"elementor-button-icon\">\n\t\t\t\t<i aria-hidden=\"true\" class=\"fas fa-angle-right\"><\/i>\t\t\t<\/span>\n\t\t\t\t\t\t\t\t\t<span class=\"elementor-button-text\">Retornar para o site Pinheiro de S\u00e1<\/span>\n\t\t\t\t\t<\/span>\n\t\t\t\t\t<\/a>\n\t\t\t\t<\/div>\n\t\t\t\t\t\t\t\t<\/div>\n\t\t\t\t<\/div>\n\t\t\t\t\t<\/div>\n\t\t<\/div>\n\t\t\t\t\t<\/div>\n\t\t<\/section>\n\t\t\t\t<section class=\"elementor-section elementor-top-section elementor-element elementor-element-a06073f elementor-section-boxed elementor-section-height-default elementor-section-height-default\" data-id=\"a06073f\" data-element_type=\"section\" data-e-type=\"section\" data-settings=\"{&quot;background_background&quot;:&quot;classic&quot;}\">\n\t\t\t\t\t\t<div class=\"elementor-container elementor-column-gap-default\">\n\t\t\t\t\t<div class=\"elementor-column elementor-col-100 elementor-top-column elementor-element elementor-element-51c4c23\" data-id=\"51c4c23\" data-element_type=\"column\" data-e-type=\"column\">\n\t\t\t<div class=\"elementor-widget-wrap elementor-element-populated\">\n\t\t\t\t\t\t<div class=\"elementor-element elementor-element-cca93c0 elementor-widget elementor-widget-text-editor\" data-id=\"cca93c0\" data-element_type=\"widget\" data-e-type=\"widget\" data-widget_type=\"text-editor.default\">\n\t\t\t\t<div class=\"elementor-widget-container\">\n\t\t\t\t\t\t\t\t\tCopyright \u00a9 2022 Pinheiro de S\u00e1 &#8211; Todos os direitos reservados &#8211; Proibida a reprodu\u00e7\u00e3o | <a href=\"https:\/\/www.pinheirodesa.com\/novo\/politica-de-privacidade\/\"><span style=\"color: #ffff00;\">Pol\u00edtica de Privacidade<\/span><\/a>\t\t\t\t\t\t\t\t<\/div>\n\t\t\t\t<\/div>\n\t\t\t\t\t<\/div>\n\t\t<\/div>\n\t\t\t\t\t<\/div>\n\t\t<\/section>\n\t\t\t\t<\/div>\n\t\t","protected":false},"excerpt":{"rendered":"<p>Preencha o formul\u00e1rio a baixo e descreva sua solicita\u00e7\u00e3oEntraremos em contato o quanto antes para lhe atender Retornar para o site Pinheiro de S\u00e1 Copyright \u00a9 2022 Pinheiro de S\u00e1 &#8211; Todos os direitos reservados &#8211; Proibida a reprodu\u00e7\u00e3o | Pol\u00edtica de Privacidade<\/p>\n","protected":false},"author":1,"featured_media":0,"parent":0,"menu_order":0,"comment_status":"closed","ping_status":"closed","template":"elementor_canvas","meta":{"footnotes":""},"class_list":["post-3641","page","type-page","status-publish","hentry"],"_links":{"self":[{"href":"https:\/\/pinheirodesa.com\/sac\/wp-json\/wp\/v2\/pages\/3641","targetHints":{"allow":["GET"]}}],"collection":[{"href":"https:\/\/pinheirodesa.com\/sac\/wp-json\/wp\/v2\/pages"}],"about":[{"href":"https:\/\/pinheirodesa.com\/sac\/wp-json\/wp\/v2\/types\/page"}],"author":[{"embeddable":true,"href":"https:\/\/pinheirodesa.com\/sac\/wp-json\/wp\/v2\/users\/1"}],"replies":[{"embeddable":true,"href":"https:\/\/pinheirodesa.com\/sac\/wp-json\/wp\/v2\/comments?post=3641"}],"version-history":[{"count":75,"href":"https:\/\/pinheirodesa.com\/sac\/wp-json\/wp\/v2\/pages\/3641\/revisions"}],"predecessor-version":[{"id":3758,"href":"https:\/\/pinheirodesa.com\/sac\/wp-json\/wp\/v2\/pages\/3641\/revisions\/3758"}],"wp:attachment":[{"href":"https:\/\/pinheirodesa.com\/sac\/wp-json\/wp\/v2\/media?parent=3641"}],"curies":[{"name":"wp","href":"https:\/\/api.w.org\/{rel}","templated":true}]}}