{"id":730,"date":"2023-10-16T13:09:37","date_gmt":"2023-10-16T16:09:37","guid":{"rendered":"https:\/\/pinheirodesa.com\/nextresidence\/?page_id=730"},"modified":"2026-04-16T11:00:45","modified_gmt":"2026-04-16T14:00:45","slug":"home-teste","status":"publish","type":"page","link":"https:\/\/pinheirodesa.com\/nextresidence\/","title":{"rendered":"HOME"},"content":{"rendered":"<div class=\"wpb-content-wrapper\"><p>[vc_row css=&#8221;.vc_custom_1747162582166{margin-top: 30px !important;background-color: #ffffff !important;}&#8221;][vc_column][vc_video link=&#8221;https:\/\/www.youtube.com\/watch?v=Pjfk-3yDk_I&#8221; align=&#8221;center&#8221; css=&#8221;.vc_custom_1776348043896{margin-bottom: -20px !important;}&#8221;][\/vc_column][\/vc_row][vc_row disable_element=&#8221;yes&#8221; css=&#8221;.vc_custom_1776178215080{margin-bottom: 30px !important;background-color: #ffffff !important;}&#8221;][vc_column][vc_single_image image=&#8221;147&#8243; img_size=&#8221;full&#8221; alignment=&#8221;center&#8221; css=&#8221;.vc_custom_1606432420229{margin-bottom: -30px !important;padding-bottom: 0px !important;}&#8221;][vc_column_text css=&#8221;.vc_custom_1607112345147{margin-top: 0px !important;margin-bottom: 0px !important;padding-top: 0px !important;}&#8221;]<\/p>\n<h2 style=\"text-align: center;\"><span style=\"color: #284754;\"><strong>O ALPHAVILLE JACUHY<\/strong><\/span><\/h2>\n<p>[\/vc_column_text][\/vc_column][\/vc_row][vc_row full_width=&#8221;stretch_row&#8221; disable_element=&#8221;yes&#8221; bg_type=&#8221;image&#8221; parallax_style=&#8221;vcpb-default&#8221; bg_image_repeat=&#8221;no-repeat&#8221; css=&#8221;.vc_custom_1776178253059{background-position: center !important;background-repeat: no-repeat !important;background-size: cover !important;}&#8221;][vc_column width=&#8221;1\/2&#8243; offset=&#8221;vc_hidden-sm vc_hidden-xs&#8221;][vc_empty_space height=&#8221;15px&#8221;][vc_column_text]<\/p>\n<h2><span style=\"font-size: 18pt; line-height: 30px;\">Lazer, exclusividade, praticidade e muito al\u00e9m. <\/span><\/h2>\n<p>[\/vc_column_text][vc_column_text]<strong><span style=\"font-size: 18pt; line-height: 35px;\">Tenha acesso ao Clube Alphaville Jacuhy com mais de 34 mil m\u00b2 de lazer ao ar livre<\/span><\/strong>[\/vc_column_text][vc_column_text]Como morador* do Next, voc\u00ea poder\u00e1 solicitar para se tornar associado do Clube Alphaville e usufruir dos benef\u00edcios exclusivos e facilidades voltadas para recrea\u00e7\u00e3o e bem-estar, como quadras poliesportivas, academia, restaurantes e muito mais.<\/p>\n<p>Tudo isso com toda a prote\u00e7\u00e3o oferecida por um dos condom\u00ednios mais diferenciados do Esp\u00edrito Santo, fazendo do Next um dos melhores investimentos imobili\u00e1rios na Grande Vit\u00f3ria.<\/p>\n<p><em><span style=\"font-size: 9pt;\">*V\u00e1lido apenas ap\u00f3s a conclus\u00e3o e entrega do empreendimento.<\/span><\/em>[\/vc_column_text][vc_btn title=&#8221;FALE CONOSCO&#8221; style=&#8221;custom&#8221; custom_background=&#8221;#86c44f&#8221; custom_text=&#8221;#ffffff&#8221; i_align=&#8221;right&#8221; i_icon_fontawesome=&#8221;fas fa-angle-right&#8221; add_icon=&#8221;true&#8221; css=&#8221;.vc_custom_1763509763461{margin-top: 5px !important;}&#8221; link=&#8221;url:https%3A%2F%2Fwa.me%2F5527997199133%3Ftext%3DGostaria%2520de%2520conhecer%2520melhor%2520o%2520Next%2520Residence|title:Fale%20Conosco&#8221;][vc_empty_space height=&#8221;15px&#8221;][\/vc_column][vc_column width=&#8221;1\/2&#8243; offset=&#8221;vc_hidden-sm vc_hidden-xs&#8221;][\/vc_column][\/vc_row][vc_row full_width=&#8221;stretch_row_content_no_spaces&#8221; css=&#8221;.vc_custom_1606501924202{margin-top: -35px !important;padding-top: 0px !important;}&#8221;][vc_column]<div id=\"ult-carousel-99274100069f13cde152fa\" class=\"ult-carousel-wrapper   ult_horizontal\" data-gutter=\"0\" data-rtl=\"false\" ><div class=\"ult-carousel-292515221069f13cde1529c \" >[vc_single_image image=&#8221;170&#8243; img_size=&#8221;full&#8221; onclick=&#8221;link_image&#8221;][vc_single_image image=&#8221;171&#8243; img_size=&#8221;full&#8221; onclick=&#8221;link_image&#8221;][vc_single_image image=&#8221;172&#8243; img_size=&#8221;full&#8221; onclick=&#8221;link_image&#8221;][vc_single_image image=&#8221;173&#8243; img_size=&#8221;full&#8221; onclick=&#8221;link_image&#8221;][vc_single_image image=&#8221;174&#8243; img_size=&#8221;full&#8221; onclick=&#8221;link_image&#8221;][vc_single_image image=&#8221;175&#8243; img_size=&#8221;full&#8221; onclick=&#8221;link_image&#8221;][vc_single_image image=&#8221;176&#8243; img_size=&#8221;full&#8221; onclick=&#8221;link_image&#8221;][vc_single_image image=&#8221;178&#8243; img_size=&#8221;full&#8221; onclick=&#8221;link_image&#8221;][vc_single_image image=&#8221;1001&#8243; img_size=&#8221;full&#8221; onclick=&#8221;link_image&#8221;][vc_single_image image=&#8221;180&#8243; img_size=&#8221;full&#8221; onclick=&#8221;link_image&#8221;]<\/div><\/div>\t\t\t<script type=\"text\/javascript\">\r\n\t\t\t\tjQuery(document).ready(function ($) {\r\n\t\t\t\t\tif( typeof jQuery('.ult-carousel-292515221069f13cde1529c').slick == \"function\"){\r\n\t\t\t\t\t\t$('.ult-carousel-292515221069f13cde1529c').slick({dots: true,autoplay: true,autoplaySpeed: 5000,speed: 300,infinite: true,arrows: false,slidesToScroll:4,slidesToShow:4,swipe: true,draggable: true,touchMove: true,pauseOnHover: true,pauseOnFocus: false,responsive: [\r\n\t\t\t\t\t\t\t{\r\n\t\t\t\t\t\t\t  breakpoint: 1026,\r\n\t\t\t\t\t\t\t  settings: {\r\n\t\t\t\t\t\t\t\tslidesToShow: 4,\r\n\t\t\t\t\t\t\t\tslidesToScroll: 4,  \r\n\t\t\t\t\t\t\t  }\r\n\t\t\t\t\t\t\t},\r\n\t\t\t\t\t\t\t{\r\n\t\t\t\t\t\t\t  breakpoint: 1025,\r\n\t\t\t\t\t\t\t  settings: {\r\n\t\t\t\t\t\t\t\tslidesToShow: 3,\r\n\t\t\t\t\t\t\t\tslidesToScroll: 3\r\n\t\t\t\t\t\t\t  }\r\n\t\t\t\t\t\t\t},\r\n\t\t\t\t\t\t\t{\r\n\t\t\t\t\t\t\t  breakpoint: 760,\r\n\t\t\t\t\t\t\t  settings: {\r\n\t\t\t\t\t\t\t\tslidesToShow: 1,\r\n\t\t\t\t\t\t\t\tslidesToScroll: 1\r\n\t\t\t\t\t\t\t  }\r\n\t\t\t\t\t\t\t}\r\n\t\t\t\t\t\t],pauseOnDotsHover: true,customPaging: function(slider, i) {\r\n                   return '<i type=\"button\" style= \"color:#81d742;\" class=\"ultsl-radio-checked\" data-role=\"none\"><\/i>';\r\n                },});\r\n\t\t\t\t\t}\r\n\t\t\t\t});\r\n\t\t\t<\/script>\r\n\t\t\t[\/vc_column][\/vc_row][vc_row full_width=&#8221;stretch_row&#8221; css=&#8221;.vc_custom_1606505130317{padding-top: 30px !important;padding-bottom: 30px !important;background-image: url(http:\/\/pinheirodesa.com\/nextresidence\/wp-content\/uploads\/2020\/11\/bg-home.jpg?id=132) !important;background-position: center !important;background-repeat: no-repeat !important;background-size: cover !important;}&#8221;][vc_column width=&#8221;1\/3&#8243;][vc_row_inner css=&#8221;.vc_custom_1606505345608{margin-right: 10px !important;margin-left: 10px !important;padding-top: 10px !important;padding-right: 10px !important;padding-bottom: 10px !important;padding-left: 10px !important;background-color: #284754 !important;border-radius: 5px !important;}&#8221;][vc_column_inner][vc_single_image image=&#8221;255&#8243; img_size=&#8221;full&#8221; alignment=&#8221;center&#8221; css=&#8221;.vc_custom_1606504773498{margin-bottom: 0px !important;}&#8221;][vc_column_text css=&#8221;.vc_custom_1607952496468{margin-bottom: 15px !important;}&#8221;]<span style=\"font-size: 18pt; line-height: 30px; color: #ffffff;\"><strong>O Mundo Mudou. O Jeito de Morar Tamb\u00e9m.<\/strong><\/span>[\/vc_column_text][vc_column_text css=&#8221;.vc_custom_1607951488288{margin-bottom: 10px !important;}&#8221;]<span style=\"color: #ffffff;\">Com todos ficando mais tempo em casa, novas formas de envolvimento com o lar surgiram e geraram exig\u00eancias residenciais in\u00e9ditas. As pessoas criaram novos h\u00e1bitos de consumo, lazer e de relacionar-se tanto uns com os outros como consigo pr\u00f3prias e seus lares. E o Next veio para atender esse novo mundo.<\/span>[\/vc_column_text][vc_btn title=&#8221;FALE CONOSCO&#8221; style=&#8221;custom&#8221; custom_background=&#8221;#86c44f&#8221; custom_text=&#8221;#ffffff&#8221; size=&#8221;xs&#8221; i_align=&#8221;right&#8221; i_icon_fontawesome=&#8221;fas fa-angle-right&#8221; add_icon=&#8221;true&#8221; css=&#8221;.vc_custom_1763509798443{margin-top: 5px !important;}&#8221; link=&#8221;url:https%3A%2F%2Fwa.me%2F5527997199133%3Ftext%3DGostaria%2520de%2520conhecer%2520melhor%2520o%2520Next%2520Residence|title:FALE%20CONOSCO&#8221;][\/vc_column_inner][\/vc_row_inner][\/vc_column][vc_column width=&#8221;1\/3&#8243;][vc_row_inner css=&#8221;.vc_custom_1606505430580{margin-right: 10px !important;margin-left: 10px !important;padding-top: 10px !important;padding-right: 10px !important;padding-bottom: 10px !important;padding-left: 10px !important;background-color: #284754 !important;border-radius: 5px !important;}&#8221;][vc_column_inner][vc_single_image image=&#8221;257&#8243; img_size=&#8221;full&#8221; alignment=&#8221;center&#8221; css=&#8221;.vc_custom_1606504805280{margin-bottom: 0px !important;}&#8221;][vc_column_text css=&#8221;.vc_custom_1607952451280{margin-bottom: 15px !important;}&#8221;]<span style=\"color: #ffffff;\"><strong><span style=\"font-size: 18pt; line-height: 30px;\">Cidade de 15 Minutos. Perto do que mais importa.<\/span><\/strong><\/span>[\/vc_column_text][vc_column_text css=&#8221;.vc_custom_1607951404176{margin-bottom: 10px !important;}&#8221;]<span style=\"color: #ffffff;\">Atendendo ao conceito de \u201cCidade de 15 Minutos\u201d, desenvolvido por Carlos Moreno, urbanista e professor da Universidade de Sorbonne, o Next fica localizado pr\u00f3ximo aos principais servi\u00e7os. Voc\u00ea chega com facilidade a hospitais, escolas, creches e supermercados sem enfrentar tr\u00e2nsitos intensos.<\/span>[\/vc_column_text][vc_btn title=&#8221;FALE CONOSCO&#8221; style=&#8221;custom&#8221; custom_background=&#8221;#86c44f&#8221; custom_text=&#8221;#ffffff&#8221; size=&#8221;xs&#8221; i_align=&#8221;right&#8221; i_icon_fontawesome=&#8221;fas fa-angle-right&#8221; add_icon=&#8221;true&#8221; css=&#8221;.vc_custom_1763509818349{margin-top: 5px !important;}&#8221; link=&#8221;url:https%3A%2F%2Fwa.me%2F5527997199133%3Ftext%3DGostaria%2520de%2520conhecer%2520melhor%2520o%2520Next%2520Residence|title:Fale%20Conosco&#8221;][\/vc_column_inner][\/vc_row_inner][\/vc_column][vc_column width=&#8221;1\/3&#8243;][vc_row_inner css=&#8221;.vc_custom_1606505400636{margin-right: 10px !important;margin-left: 10px !important;padding-top: 10px !important;padding-right: 10px !important;padding-bottom: 10px !important;padding-left: 10px !important;background-color: #284754 !important;border-radius: 5px !important;}&#8221;][vc_column_inner][vc_single_image image=&#8221;256&#8243; img_size=&#8221;full&#8221; alignment=&#8221;center&#8221; css=&#8221;.vc_custom_1606504789028{margin-bottom: 0px !important;}&#8221;][vc_column_text css=&#8221;.vc_custom_1607952483206{margin-bottom: 15px !important;}&#8221;]<span style=\"color: #ffffff;\"><strong><span style=\"font-size: 18pt; line-height: 30px;\">Sa\u00fade, Seguran\u00e7a e Qualidade de Vida<\/span><\/strong><\/span>[\/vc_column_text][vc_column_text css=&#8221;.vc_custom_1607953486279{margin-bottom: 10px !important;}&#8221;]<span style=\"color: #ffffff;\">Imagine caminhar, correr e pedalar pelas ruas do bairro a qualquer hora do dia e da noite. O Next Residence conta com o acesso a maior \u00e1rea de lazer ao ar livre do estado, propiciando o desenvolvimento de h\u00e1bitos sadios e uma inf\u00e2ncia saud\u00e1vel com prote\u00e7\u00e3o 24h. Sua fam\u00edlia crescendo saud\u00e1vel e protegida.<\/span>[\/vc_column_text][vc_btn title=&#8221;FALE CONOSCO&#8221; style=&#8221;custom&#8221; custom_background=&#8221;#86c44f&#8221; custom_text=&#8221;#ffffff&#8221; size=&#8221;xs&#8221; i_align=&#8221;right&#8221; i_icon_fontawesome=&#8221;fas fa-angle-right&#8221; add_icon=&#8221;true&#8221; css=&#8221;.vc_custom_1763510794605{margin-top: 5px !important;}&#8221; link=&#8221;url:https%3A%2F%2Fwa.me%2F5527997199133%3Ftext%3DGostaria%2520de%2520conhecer%2520melhor%2520o%2520Next%2520Residence|title:Fale%20Conosco&#8221;][\/vc_column_inner][\/vc_row_inner][\/vc_column][\/vc_row][vc_row full_width=&#8221;stretch_row&#8221; disable_element=&#8221;yes&#8221; css=&#8221;.vc_custom_1776178326365{background-position: center !important;background-repeat: no-repeat !important;background-size: cover !important;}&#8221;][vc_column offset=&#8221;vc_hidden-lg vc_hidden-md&#8221;][vc_single_image image=&#8221;284&#8243; img_size=&#8221;full&#8221; alignment=&#8221;center&#8221; css=&#8221;.vc_custom_1606742767168{margin-bottom: 0px !important;}&#8221;][vc_column_text]<\/p>\n<h2><span style=\"font-size: 18pt; line-height: 30px;\">Lazer, exclusividade, praticidade e muito al\u00e9m.<\/span><\/h2>\n<p>[\/vc_column_text][vc_column_text]<strong><span style=\"font-size: 18pt; line-height: 35px;\">Tenha acesso ao Clube Alphaville Jacuhy com mais de 34 mil m\u00b2 de lazer ao ar livre<\/span><\/strong>[\/vc_column_text][vc_column_text]Como morador* do Next, voc\u00ea poder\u00e1 solicitar para se tornar associado do Clube Alphaville e usufruir dos benef\u00edcios exclusivos e facilidades voltadas para recrea\u00e7\u00e3o e bem-estar, como quadras poliesportivas, academia, restaurantes e muito mais.<\/p>\n<p>Tudo isso com toda a prote\u00e7\u00e3o oferecida por um dos condom\u00ednios mais diferenciados do Esp\u00edrito Santo, fazendo do Next um dos melhores investimentos imobili\u00e1rios na Grande Vit\u00f3ria.<\/p>\n<p><em><span style=\"font-size: 9pt;\">*V\u00e1lido apenas ap\u00f3s a conclus\u00e3o e entrega do empreendimento.<\/span><\/em>[\/vc_column_text][vc_btn title=&#8221;LEIA MAIS AQUI&#8221; style=&#8221;custom&#8221; custom_background=&#8221;#86c44f&#8221; custom_text=&#8221;#ffffff&#8221; size=&#8221;xs&#8221; i_align=&#8221;right&#8221; i_icon_fontawesome=&#8221;fas fa-angle-right&#8221; add_icon=&#8221;true&#8221; css=&#8221;.vc_custom_1607113306892{margin-top: 5px !important;}&#8221; link=&#8221;url:http%3A%2F%2Fpinheirodesa.com%2Fnextresidence%2Falphaville0%2F|title:Vamos%20conhecer%20um%20pouco%20mais%20o%20Alphaville&#8221;][\/vc_column][\/vc_row][vc_row full_width=&#8221;stretch_row&#8221; css=&#8221;.vc_custom_1654696965985{background-color: #ededed !important;}&#8221;][vc_column][vc_single_image image=&#8221;147&#8243; img_size=&#8221;full&#8221; alignment=&#8221;center&#8221; css=&#8221;.vc_custom_1606432420229{margin-bottom: -30px !important;padding-bottom: 0px !important;}&#8221;][vc_column_text css=&#8221;.vc_custom_1607108440537{margin-bottom: 0px !important;padding-bottom: 0px !important;}&#8221;]<\/p>\n<h2 style=\"text-align: center;\"><span style=\"color: #284754;\"><strong>CONHE\u00c7A NOSSO BLOG<\/strong><\/span><\/h2>\n<p>[\/vc_column_text][vc_basic_grid post_type=&#8221;post&#8221; max_items=&#8221;3&#8243; item=&#8221;164&#8243; initial_loading_animation=&#8221;none&#8221; css=&#8221;.vc_custom_1607536014817{margin-top: -15px !important;margin-bottom: 0px !important;}&#8221; grid_id=&#8221;vc_gid:1776348030983-7411d983-4790-5&#8243;][vc_separator color=&#8221;custom&#8221; accent_color=&#8221;#284754&#8243;][vc_btn title=&#8221;LEIA TODAS AS NOT\u00cdCIAS AQUI&#8221; style=&#8221;custom&#8221; custom_background=&#8221;#284754&#8243; custom_text=&#8221;#ffffff&#8221; align=&#8221;center&#8221; i_align=&#8221;right&#8221; i_icon_fontawesome=&#8221;fas fa-angle-right&#8221; add_icon=&#8221;true&#8221; css=&#8221;.vc_custom_1607536249300{margin-top: 5px !important;}&#8221; link=&#8221;url:http%3A%2F%2Fpinheirodesa.com%2Fnextresidence%2Fleia-nosso-blog%2F|title:Vamos%20conhecer%20um%20pouco%20mais%20o%20Alphaville&#8221;][\/vc_column][\/vc_row][vc_row full_width=&#8221;stretch_row&#8221; css=&#8221;.vc_custom_1654697096317{margin-bottom: 30px !important;padding-top: 20px !important;background-color: #ededed !important;}&#8221;][vc_column][vc_single_image image=&#8221;147&#8243; img_size=&#8221;full&#8221; alignment=&#8221;center&#8221; css=&#8221;.vc_custom_1606432420229{margin-bottom: -30px !important;padding-bottom: 0px !important;}&#8221;][vc_column_text css=&#8221;.vc_custom_1666190677577{margin-top: 0px !important;margin-bottom: 10px !important;padding-top: 0px !important;}&#8221;]<\/p>\n<h2 style=\"text-align: center;\"><span style=\"color: #284754;\"><strong>ANDAMENTO DA OBRA<\/strong><\/span><\/h2>\n<p>[\/vc_column_text][\/vc_column][\/vc_row][vc_row full_width=&#8221;stretch_row_content_no_spaces&#8221; css=&#8221;.vc_custom_1654697087306{margin-top: -35px !important;padding-top: 0px !important;padding-bottom: 20px !important;background-color: #ededed !important;}&#8221;][vc_column]<div id=\"ult-carousel-11988092669f13cde15333\" class=\"ult-carousel-wrapper   ult_horizontal\" data-gutter=\"0\" data-rtl=\"false\" ><div class=\"ult-carousel-285413629869f13cde1532b \" >[vc_single_image image=&#8221;981&#8243; img_size=&#8221;full&#8221; onclick=&#8221;link_image&#8221;][vc_single_image image=&#8221;982&#8243; img_size=&#8221;full&#8221; onclick=&#8221;link_image&#8221;][vc_single_image image=&#8221;975&#8243; img_size=&#8221;full&#8221; onclick=&#8221;link_image&#8221;][vc_single_image image=&#8221;976&#8243; img_size=&#8221;full&#8221; onclick=&#8221;link_image&#8221;]<\/div><\/div>\t\t\t<script type=\"text\/javascript\">\r\n\t\t\t\tjQuery(document).ready(function ($) {\r\n\t\t\t\t\tif( typeof jQuery('.ult-carousel-285413629869f13cde1532b').slick == \"function\"){\r\n\t\t\t\t\t\t$('.ult-carousel-285413629869f13cde1532b').slick({dots: true,autoplay: true,autoplaySpeed: 5000,speed: 300,infinite: true,arrows: false,slidesToScroll:3,slidesToShow:3,swipe: true,draggable: true,touchMove: true,pauseOnHover: true,pauseOnFocus: false,responsive: [\r\n\t\t\t\t\t\t\t{\r\n\t\t\t\t\t\t\t  breakpoint: 1026,\r\n\t\t\t\t\t\t\t  settings: {\r\n\t\t\t\t\t\t\t\tslidesToShow: 3,\r\n\t\t\t\t\t\t\t\tslidesToScroll: 3,  \r\n\t\t\t\t\t\t\t  }\r\n\t\t\t\t\t\t\t},\r\n\t\t\t\t\t\t\t{\r\n\t\t\t\t\t\t\t  breakpoint: 1025,\r\n\t\t\t\t\t\t\t  settings: {\r\n\t\t\t\t\t\t\t\tslidesToShow: 3,\r\n\t\t\t\t\t\t\t\tslidesToScroll: 3\r\n\t\t\t\t\t\t\t  }\r\n\t\t\t\t\t\t\t},\r\n\t\t\t\t\t\t\t{\r\n\t\t\t\t\t\t\t  breakpoint: 760,\r\n\t\t\t\t\t\t\t  settings: {\r\n\t\t\t\t\t\t\t\tslidesToShow: 1,\r\n\t\t\t\t\t\t\t\tslidesToScroll: 1\r\n\t\t\t\t\t\t\t  }\r\n\t\t\t\t\t\t\t}\r\n\t\t\t\t\t\t],pauseOnDotsHover: true,customPaging: function(slider, i) {\r\n                   return '<i type=\"button\" style= \"color:#81d742;\" class=\"ultsl-radio-checked\" data-role=\"none\"><\/i>';\r\n                },});\r\n\t\t\t\t\t}\r\n\t\t\t\t});\r\n\t\t\t<\/script>\r\n\t\t\t[\/vc_column][\/vc_row][vc_row full_width=&#8221;stretch_row&#8221; css=&#8221;.vc_custom_1654697096317{margin-bottom: 30px !important;padding-top: 20px !important;background-color: #ededed !important;}&#8221;][vc_column][vc_single_image image=&#8221;147&#8243; img_size=&#8221;full&#8221; alignment=&#8221;center&#8221; css=&#8221;.vc_custom_1606432420229{margin-bottom: -30px !important;padding-bottom: 0px !important;}&#8221;][vc_column_text css=&#8221;.vc_custom_1703868419804{margin-top: 0px !important;margin-bottom: 10px !important;padding-top: 0px !important;}&#8221;]<\/p>\n<h2 style=\"text-align: center;\"><span style=\"color: #284754;\"><strong>VISTA DO EMPREENDIMENTO<\/strong><\/span><\/h2>\n<p>[\/vc_column_text][\/vc_column][\/vc_row][vc_row full_width=&#8221;stretch_row_content_no_spaces&#8221; css=&#8221;.vc_custom_1654697087306{margin-top: -35px !important;padding-top: 0px !important;padding-bottom: 20px !important;background-color: #ededed !important;}&#8221;][vc_column]<div id=\"ult-carousel-367946005069f13cde15365\" class=\"ult-carousel-wrapper   ult_horizontal\" data-gutter=\"0\" data-rtl=\"false\" ><div class=\"ult-carousel-62077275869f13cde15360 \" >[vc_single_image image=&#8221;894&#8243; img_size=&#8221;full&#8221; onclick=&#8221;link_image&#8221;][vc_single_image image=&#8221;895&#8243; img_size=&#8221;full&#8221; onclick=&#8221;link_image&#8221;][vc_single_image image=&#8221;896&#8243; img_size=&#8221;full&#8221; onclick=&#8221;link_image&#8221;]<\/div><\/div>\t\t\t<script type=\"text\/javascript\">\r\n\t\t\t\tjQuery(document).ready(function ($) {\r\n\t\t\t\t\tif( typeof jQuery('.ult-carousel-62077275869f13cde15360').slick == \"function\"){\r\n\t\t\t\t\t\t$('.ult-carousel-62077275869f13cde15360').slick({dots: true,autoplay: true,autoplaySpeed: 5000,speed: 300,infinite: true,arrows: false,slidesToScroll:3,slidesToShow:3,swipe: true,draggable: true,touchMove: true,pauseOnHover: true,pauseOnFocus: false,responsive: [\r\n\t\t\t\t\t\t\t{\r\n\t\t\t\t\t\t\t  breakpoint: 1026,\r\n\t\t\t\t\t\t\t  settings: {\r\n\t\t\t\t\t\t\t\tslidesToShow: 3,\r\n\t\t\t\t\t\t\t\tslidesToScroll: 3,  \r\n\t\t\t\t\t\t\t  }\r\n\t\t\t\t\t\t\t},\r\n\t\t\t\t\t\t\t{\r\n\t\t\t\t\t\t\t  breakpoint: 1025,\r\n\t\t\t\t\t\t\t  settings: {\r\n\t\t\t\t\t\t\t\tslidesToShow: 3,\r\n\t\t\t\t\t\t\t\tslidesToScroll: 3\r\n\t\t\t\t\t\t\t  }\r\n\t\t\t\t\t\t\t},\r\n\t\t\t\t\t\t\t{\r\n\t\t\t\t\t\t\t  breakpoint: 760,\r\n\t\t\t\t\t\t\t  settings: {\r\n\t\t\t\t\t\t\t\tslidesToShow: 1,\r\n\t\t\t\t\t\t\t\tslidesToScroll: 1\r\n\t\t\t\t\t\t\t  }\r\n\t\t\t\t\t\t\t}\r\n\t\t\t\t\t\t],pauseOnDotsHover: true,customPaging: function(slider, i) {\r\n                   return '<i type=\"button\" style= \"color:#81d742;\" class=\"ultsl-radio-checked\" data-role=\"none\"><\/i>';\r\n                },});\r\n\t\t\t\t\t}\r\n\t\t\t\t});\r\n\t\t\t<\/script>\r\n\t\t\t[\/vc_column][\/vc_row]<\/p>\n<\/div>","protected":false},"excerpt":{"rendered":"<p>[vc_row css=&#8221;.vc_custom_1747162582166{margin-top: 30px !important;background-color: #ffffff !important;}&#8221;][vc_column][vc_video link=&#8221;https:\/\/www.youtube.com\/watch?v=Pjfk-3yDk_I&#8221; align=&#8221;center&#8221; css=&#8221;.vc_custom_1776348043896{margin-bottom: -20px !important;}&#8221;][\/vc_column][\/vc_row][vc_row disable_element=&#8221;yes&#8221; css=&#8221;.vc_custom_1776178215080{margin-bottom: 30px !important;background-color: #ffffff !important;}&#8221;][vc_column][vc_single_image image=&#8221;147&#8243; img_size=&#8221;full&#8221; alignment=&#8221;center&#8221; css=&#8221;.vc_custom_1606432420229{margin-bottom: -30px !important;padding-bottom: 0px !important;}&#8221;][vc_column_text css=&#8221;.vc_custom_1607112345147{margin-top:<span class=\"excerpt-hellip\"> [\u2026]<\/span><\/p>\n","protected":false},"author":2,"featured_media":-1,"parent":0,"menu_order":0,"comment_status":"closed","ping_status":"closed","template":"","meta":{"footnotes":""},"class_list":["post-730","page","type-page","status-publish","has-post-thumbnail","hentry"],"_links":{"self":[{"href":"https:\/\/pinheirodesa.com\/nextresidence\/wp-json\/wp\/v2\/pages\/730","targetHints":{"allow":["GET"]}}],"collection":[{"href":"https:\/\/pinheirodesa.com\/nextresidence\/wp-json\/wp\/v2\/pages"}],"about":[{"href":"https:\/\/pinheirodesa.com\/nextresidence\/wp-json\/wp\/v2\/types\/page"}],"author":[{"embeddable":true,"href":"https:\/\/pinheirodesa.com\/nextresidence\/wp-json\/wp\/v2\/users\/2"}],"replies":[{"embeddable":true,"href":"https:\/\/pinheirodesa.com\/nextresidence\/wp-json\/wp\/v2\/comments?post=730"}],"version-history":[{"count":70,"href":"https:\/\/pinheirodesa.com\/nextresidence\/wp-json\/wp\/v2\/pages\/730\/revisions"}],"predecessor-version":[{"id":1017,"href":"https:\/\/pinheirodesa.com\/nextresidence\/wp-json\/wp\/v2\/pages\/730\/revisions\/1017"}],"wp:featuredmedia":[{"embeddable":true,"href":"https:\/\/pinheirodesa.com\/nextresidence\/wp-json\/"}],"wp:attachment":[{"href":"https:\/\/pinheirodesa.com\/nextresidence\/wp-json\/wp\/v2\/media?parent=730"}],"curies":[{"name":"wp","href":"https:\/\/api.w.org\/{rel}","templated":true}]}}