{"id":108,"date":"2020-11-26T17:45:19","date_gmt":"2020-11-26T20:45:19","guid":{"rendered":"http:\/\/pinheirodesa.com\/nextresidence\/?page_id=108"},"modified":"2026-03-09T13:20:33","modified_gmt":"2026-03-09T16:20:33","slug":"contato","status":"publish","type":"page","link":"https:\/\/pinheirodesa.com\/nextresidence\/contato\/","title":{"rendered":"Localiza\u00e7\u00e3o"},"content":{"rendered":"<div class=\"wpb-content-wrapper\"><p>[vc_row css=&#8221;.vc_custom_1608226399129{margin-top: 50px !important;}&#8221;][vc_column][vc_single_image image=&#8221;642&#8243; img_size=&#8221;full&#8221; alignment=&#8221;center&#8221; style=&#8221;vc_box_shadow_border&#8221; css=&#8221;.vc_custom_1608227036677{margin-bottom: 0px !important;}&#8221;][\/vc_column][\/vc_row][vc_row][vc_column width=&#8221;1\/2&#8243;][vc_single_image image=&#8221;644&#8243; img_size=&#8221;full&#8221; alignment=&#8221;center&#8221; style=&#8221;vc_box_shadow_border&#8221;][\/vc_column][vc_column width=&#8221;1\/2&#8243;][vc_column_text]<span style=\"color: #284754; font-size: 24pt;\"><strong><span style=\"line-height: 35px;\">Cidade de 15 Minutos. Localiza\u00e7\u00e3o perto do que mais importa.<\/span><\/strong><\/span><\/p>\n<p>Um dos principais nomes mundiais relacionados a cidades inteligentes &#8211; o pesquisador franco-colombiano Carlos Moreno &#8211; defende o conceito da \u201cCidade de 15 Minutos\u201d, definindo que este \u00e9 o tempo considerado adequado para acessar os pontos mais importantes da cidade.<\/p>\n<p>Dessa forma, o Next Residence possui uma localiza\u00e7\u00e3o estrat\u00e9gica para acessar tudo aquilo que voc\u00ea precisa da forma mais objetiva poss\u00edvel.[\/vc_column_text][vc_row_inner][vc_column_inner width=&#8221;1\/3&#8243;][vc_single_image image=&#8221;485&#8243; img_size=&#8221;full&#8221; alignment=&#8221;center&#8221; css=&#8221;.vc_custom_1607365470728{margin-bottom: -25px !important;}&#8221;][vc_column_text css=&#8221;.vc_custom_1607534086753{margin-top: 0px !important;margin-bottom: 0px !important;}&#8221;]<\/p>\n<p style=\"text-align: center;\"><span style=\"font-size: 14pt; color: #86c44f;\"><strong>Escolas<\/strong><\/span><\/p>\n<p>[\/vc_column_text][\/vc_column_inner][vc_column_inner width=&#8221;1\/3&#8243;][vc_single_image image=&#8221;486&#8243; img_size=&#8221;full&#8221; alignment=&#8221;center&#8221; css=&#8221;.vc_custom_1607365512524{margin-bottom: -25px !important;}&#8221;][vc_column_text css=&#8221;.vc_custom_1607534095474{margin-top: 0px !important;margin-bottom: 0px !important;}&#8221;]<\/p>\n<p style=\"text-align: center;\"><span style=\"font-size: 14pt; color: #86c44f;\"><strong>Creches<\/strong><\/span><\/p>\n<p>[\/vc_column_text][\/vc_column_inner][vc_column_inner width=&#8221;1\/3&#8243;][vc_single_image image=&#8221;487&#8243; img_size=&#8221;full&#8221; alignment=&#8221;center&#8221; css=&#8221;.vc_custom_1607365528135{margin-bottom: -25px !important;}&#8221;][vc_column_text css=&#8221;.vc_custom_1607534101801{margin-bottom: 0px !important;}&#8221;]<\/p>\n<p style=\"text-align: center;\"><span style=\"font-size: 14pt; color: #86c44f;\"><strong>Supermercados<\/strong><\/span><\/p>\n<p>[\/vc_column_text][\/vc_column_inner][\/vc_row_inner][vc_row_inner css=&#8221;.vc_custom_1607365568506{margin-top: -50px !important;}&#8221;][vc_column_inner width=&#8221;1\/3&#8243;][vc_single_image image=&#8221;488&#8243; img_size=&#8221;full&#8221; alignment=&#8221;center&#8221; css=&#8221;.vc_custom_1607365577991{margin-bottom: -25px !important;}&#8221;][vc_column_text]<\/p>\n<p style=\"text-align: center;\"><span style=\"font-size: 14pt; color: #86c44f;\"><strong>Hospitais<\/strong><\/span><\/p>\n<p>[\/vc_column_text][\/vc_column_inner][vc_column_inner width=&#8221;1\/3&#8243;][vc_single_image image=&#8221;489&#8243; img_size=&#8221;full&#8221; alignment=&#8221;center&#8221; css=&#8221;.vc_custom_1607365585703{margin-bottom: -25px !important;}&#8221;][vc_column_text]<\/p>\n<p style=\"text-align: center;\"><span style=\"font-size: 14pt; color: #86c44f;\"><strong>Pet Shops<\/strong><\/span><\/p>\n<p>[\/vc_column_text][\/vc_column_inner][vc_column_inner width=&#8221;1\/3&#8243;][vc_single_image image=&#8221;490&#8243; img_size=&#8221;full&#8221; alignment=&#8221;center&#8221; css=&#8221;.vc_custom_1607365593481{margin-bottom: -25px !important;}&#8221;][vc_column_text]<\/p>\n<p style=\"text-align: center;\"><span style=\"font-size: 14pt; color: #86c44f;\"><strong>Shopping Centers<\/strong><\/span><\/p>\n<p>[\/vc_column_text][\/vc_column_inner][\/vc_row_inner][\/vc_column][\/vc_row][vc_row full_width=&#8221;stretch_row_content_no_spaces&#8221; css=&#8221;.vc_custom_1608661906097{margin-bottom: 0px !important;}&#8221;][vc_column][vc_single_image image=&#8221;650&#8243; img_size=&#8221;full&#8221; alignment=&#8221;center&#8221; onclick=&#8221;link_image&#8221; css=&#8221;.vc_custom_1608661965236{margin-bottom: 0px !important;}&#8221;][\/vc_column][\/vc_row][vc_row full_width=&#8221;stretch_row&#8221; css=&#8221;.vc_custom_1607358393272{margin-bottom: 0px !important;background-color: #86c44f !important;}&#8221;][vc_column][vc_row_inner css=&#8221;.vc_custom_1607361209868{margin-top: 0px !important;margin-bottom: 0px !important;}&#8221;][vc_column_inner width=&#8221;1\/3&#8243;][vc_column_text]<span style=\"font-size: 14pt; color: #ffffff;\"><strong>Endere\u00e7o:<\/strong><\/span><br \/>\n<span style=\"color: #ffffff;\">Av. Mara Regina Paludo &#8211; Quadra 19, L 01<\/span><br \/>\n<span style=\"color: #ffffff;\">Alphaville Jacuhy &#8211; Rod. Contorno, km 275<\/span><br \/>\n<span style=\"color: #ffffff;\">Serra &#8211; ES | CEP: 29.161-270<\/span>[\/vc_column_text][\/vc_column_inner][vc_column_inner width=&#8221;1\/3&#8243;][vc_column_text]<span style=\"font-size: 14pt; color: #ffffff;\"><strong>Site e E-mail:<\/strong><\/span><br \/>\n<span style=\"color: #ffffff;\">www.nextresidence.com.br<\/span><br \/>\n<span style=\"color: #ffffff;\">sac@pinheirodesa.com<\/span>[\/vc_column_text][\/vc_column_inner][vc_column_inner width=&#8221;1\/3&#8243;][vc_column_text]<span style=\"font-size: 14pt; color: #ffffff;\"><strong>Telefones:<\/strong><\/span><br \/>\n<span style=\"color: #ffffff;\">Comercial: <strong>+55 27 99704-3239<\/strong><\/span><br \/>\n<span style=\"color: #ffffff;\">Geral:\u00a0<strong>+55 27 99607-2055<\/strong><\/span>[\/vc_column_text][\/vc_column_inner][\/vc_row_inner][\/vc_column][\/vc_row][vc_row full_width=&#8221;stretch_row_content_no_spaces&#8221; css=&#8221;.vc_custom_1607360382683{margin-top: -40px !important;}&#8221;][vc_column]<div class=\"google-map-wrapper no_border\"><div class=\"google-map\" id=\"google-map-area-69f14b381b556\" style=\"width:100%; height:500px; \">&nbsp;<\/div><\/div>\n[\/vc_column][\/vc_row]<\/p>\n<\/div>","protected":false},"excerpt":{"rendered":"<p>[vc_row css=&#8221;.vc_custom_1608226399129{margin-top: 50px !important;}&#8221;][vc_column][vc_single_image image=&#8221;642&#8243; img_size=&#8221;full&#8221; alignment=&#8221;center&#8221; style=&#8221;vc_box_shadow_border&#8221; css=&#8221;.vc_custom_1608227036677{margin-bottom: 0px !important;}&#8221;][\/vc_column][\/vc_row][vc_row][vc_column width=&#8221;1\/2&#8243;][vc_single_image image=&#8221;644&#8243; img_size=&#8221;full&#8221; alignment=&#8221;center&#8221; style=&#8221;vc_box_shadow_border&#8221;][\/vc_column][vc_column width=&#8221;1\/2&#8243;][vc_column_text]Cidade de 15 Minutos. Localiza\u00e7\u00e3o perto do que mais importa.<span class=\"excerpt-hellip\"> [\u2026]<\/span><\/p>\n","protected":false},"author":1,"featured_media":0,"parent":0,"menu_order":0,"comment_status":"closed","ping_status":"closed","template":"","meta":{"footnotes":""},"class_list":["post-108","page","type-page","status-publish","hentry"],"_links":{"self":[{"href":"https:\/\/pinheirodesa.com\/nextresidence\/wp-json\/wp\/v2\/pages\/108","targetHints":{"allow":["GET"]}}],"collection":[{"href":"https:\/\/pinheirodesa.com\/nextresidence\/wp-json\/wp\/v2\/pages"}],"about":[{"href":"https:\/\/pinheirodesa.com\/nextresidence\/wp-json\/wp\/v2\/types\/page"}],"author":[{"embeddable":true,"href":"https:\/\/pinheirodesa.com\/nextresidence\/wp-json\/wp\/v2\/users\/1"}],"replies":[{"embeddable":true,"href":"https:\/\/pinheirodesa.com\/nextresidence\/wp-json\/wp\/v2\/comments?post=108"}],"version-history":[{"count":101,"href":"https:\/\/pinheirodesa.com\/nextresidence\/wp-json\/wp\/v2\/pages\/108\/revisions"}],"predecessor-version":[{"id":1007,"href":"https:\/\/pinheirodesa.com\/nextresidence\/wp-json\/wp\/v2\/pages\/108\/revisions\/1007"}],"wp:attachment":[{"href":"https:\/\/pinheirodesa.com\/nextresidence\/wp-json\/wp\/v2\/media?parent=108"}],"curies":[{"name":"wp","href":"https:\/\/api.w.org\/{rel}","templated":true}]}}