{"id":104,"date":"2020-11-26T17:44:36","date_gmt":"2020-11-26T20:44:36","guid":{"rendered":"http:\/\/pinheirodesa.com\/nextresidence\/?page_id=104"},"modified":"2025-11-23T18:25:25","modified_gmt":"2025-11-23T21:25:25","slug":"plantas","status":"publish","type":"page","link":"https:\/\/pinheirodesa.com\/nextresidence\/plantas\/","title":{"rendered":"Confira as plantas do Next, seu pr\u00f3ximo lar."},"content":{"rendered":"<div class=\"wpb-content-wrapper\"><p>[vc_row css=&#8221;.vc_custom_1607371877174{margin-top: 50px !important;margin-bottom: 15px !important;}&#8221;][vc_column][vc_column_text css=&#8221;.vc_custom_1607537777163{margin-bottom: 0px !important;}&#8221;]<\/p>\n<p style=\"text-align: center; line-height: 35px;\"><span style=\"color: #284754;\"><strong><span style=\"font-size: 24pt;\">Um apartamento que vai fazer voc\u00ea se sentir em casa<\/span><\/strong><\/span><\/p>\n<p>[\/vc_column_text][\/vc_column][\/vc_row][vc_row css=&#8221;.vc_custom_1607443526079{margin-bottom: 10px !important;}&#8221;][vc_column width=&#8221;1\/6&#8243;][\/vc_column][vc_column width=&#8221;2\/3&#8243;][vc_column_text css=&#8221;.vc_custom_1607616301982{margin-top: 0px !important;}&#8221;]<\/p>\n<p style=\"text-align: center;\"><span style=\"font-size: 12pt;\">Confira as plantas dos apartamentos de 3 quartos com su\u00edte e \u00e1rea privativa de 95 a 105 m\u00b2 e coberturas duplex com at\u00e9 181 m\u00b2 e at\u00e9 4 su\u00edtes*. <span style=\"font-size: 8pt;\"><em><strong>(*Sugest\u00e3o de planta. Padr\u00e3o de entrega com 2 su\u00edtes)<\/strong><\/em><\/span><\/span><\/p>\n<p>[\/vc_column_text][vc_column_text css=&#8221;.vc_custom_1607437411174{margin-top: 0px !important;}&#8221;]<\/p>\n<p style=\"text-align: center;\"><span style=\"font-size: 10pt; color: #ff6600;\"><em><strong>Clique sobre as plantas para ampli\u00e1-las<\/strong><\/em><\/span><\/p>\n<p>[\/vc_column_text][\/vc_column][vc_column width=&#8221;1\/6&#8243;][\/vc_column][\/vc_row][vc_row css=&#8221;.vc_custom_1607443526079{margin-bottom: 10px !important;}&#8221;][vc_column][vc_cta h2=&#8221;ATEN\u00c7\u00c3O&#8221; txt_align=&#8221;center&#8221;]Imagens e plantas como sugest\u00e3o de decora\u00e7\u00e3o meramente ilustrativas. Rela\u00e7\u00e3o de objetos, acabamentos e instala\u00e7\u00f5es no memorial descritivo do empreendimento.[\/vc_cta][\/vc_column][\/vc_row][vc_row css=&#8221;.vc_custom_1607371940719{margin-bottom: 50px !important;}&#8221;][vc_column width=&#8221;1\/2&#8243;][vc_single_image image=&#8221;561&#8243; img_size=&#8221;full&#8221; alignment=&#8221;center&#8221; style=&#8221;vc_box_shadow_border&#8221; onclick=&#8221;link_image&#8221; css=&#8221;.vc_custom_1607443643237{margin-bottom: 15px !important;}&#8221;][vc_column_text css=&#8221;.vc_custom_1607443795704{margin-top: 0px !important;}&#8221;]<\/p>\n<p style=\"text-align: center;\"><span style=\"font-size: 10pt; color: #284754;\"><em><strong>Planta Tipo 01 &#8211; 98,08m\u00b2<\/strong><\/em><\/span><\/p>\n<p>[\/vc_column_text][\/vc_column][vc_column width=&#8221;1\/2&#8243;][vc_single_image image=&#8221;560&#8243; img_size=&#8221;full&#8221; alignment=&#8221;center&#8221; style=&#8221;vc_box_shadow_border&#8221; onclick=&#8221;link_image&#8221; css=&#8221;.vc_custom_1607443658825{margin-bottom: 15px !important;}&#8221;][vc_column_text css=&#8221;.vc_custom_1607443832177{margin-top: 0px !important;}&#8221;]<\/p>\n<p style=\"text-align: center;\"><span style=\"font-size: 10pt; color: #284754;\"><em><strong>Panta Tipo 05 &#8211; 95,87m\u00b2<\/strong><\/em><\/span><\/p>\n<p>[\/vc_column_text][\/vc_column][\/vc_row][vc_row css=&#8221;.vc_custom_1607371940719{margin-bottom: 50px !important;}&#8221;][vc_column width=&#8221;1\/2&#8243;][vc_single_image image=&#8221;559&#8243; img_size=&#8221;full&#8221; alignment=&#8221;center&#8221; style=&#8221;vc_box_shadow_border&#8221; onclick=&#8221;link_image&#8221; css=&#8221;.vc_custom_1607443650535{margin-bottom: 15px !important;}&#8221;][vc_column_text css=&#8221;.vc_custom_1607443863089{margin-top: 0px !important;}&#8221;]<\/p>\n<p style=\"text-align: center;\"><span style=\"font-size: 10pt; color: #284754;\"><em><strong>Planta Tipo 03 &#8211; 105,12m\u00b2<\/strong><\/em><\/span><\/p>\n<p>[\/vc_column_text][\/vc_column][vc_column width=&#8221;1\/2&#8243;][vc_single_image image=&#8221;558&#8243; img_size=&#8221;full&#8221; alignment=&#8221;center&#8221; style=&#8221;vc_box_shadow_border&#8221; onclick=&#8221;link_image&#8221; css=&#8221;.vc_custom_1607443665896{margin-bottom: 15px !important;}&#8221;][vc_column_text css=&#8221;.vc_custom_1607437806773{margin-top: 0px !important;}&#8221;]<\/p>\n<p style=\"text-align: center;\"><span style=\"font-size: 10pt; color: #284754;\"><em><strong>Planta do Lazer<\/strong><\/em><\/span><\/p>\n<p>[\/vc_column_text][\/vc_column][\/vc_row][vc_row full_width=&#8221;stretch_row&#8221; css=&#8221;.vc_custom_1607437633949{background-color: #ededed !important;}&#8221;][vc_column][vc_row_inner css=&#8221;.vc_custom_1607444283466{margin-top: 25px !important;margin-bottom: 50px !important;}&#8221;][vc_column_inner][vc_single_image image=&#8221;147&#8243; img_size=&#8221;full&#8221; alignment=&#8221;center&#8221; css=&#8221;.vc_custom_1606432420229{margin-bottom: -30px !important;padding-bottom: 0px !important;}&#8221;][vc_column_text css=&#8221;.vc_custom_1607437554634{margin-top: 0px !important;margin-bottom: 0px !important;padding-top: 0px !important;}&#8221;]<\/p>\n<h2 style=\"text-align: center;\"><span style=\"color: #284754;\"><strong>Plantas Duplex<\/strong><\/span><\/h2>\n<p>[\/vc_column_text][\/vc_column_inner][\/vc_row_inner][vc_row_inner][vc_column_inner width=&#8221;1\/2&#8243;][vc_single_image image=&#8221;614&#8243; img_size=&#8221;full&#8221; alignment=&#8221;center&#8221; style=&#8221;vc_box_shadow_border&#8221; onclick=&#8221;link_image&#8221; css=&#8221;.vc_custom_1607615844016{margin-bottom: 15px !important;}&#8221;][vc_column_text css=&#8221;.vc_custom_1607616317361{margin-top: 0px !important;}&#8221;]<\/p>\n<p style=\"text-align: center;\"><span style=\"font-size: 10pt; color: #284754;\"><em><strong>Planta Duplex 1\u00ba Pavimento | \u00c1rea Privativa Tipo 05 &#8211; 181,11m\u00b2<br \/>\n<\/strong><\/em><\/span>[\/vc_column_text][\/vc_column_inner][vc_column_inner width=&#8221;1\/2&#8243;][vc_single_image image=&#8221;556&#8243; img_size=&#8221;full&#8221; alignment=&#8221;center&#8221; style=&#8221;vc_box_shadow_border&#8221; onclick=&#8221;link_image&#8221; css=&#8221;.vc_custom_1607443684261{margin-bottom: 15px !important;}&#8221;][vc_column_text css=&#8221;.vc_custom_1607443972645{margin-top: 0px !important;}&#8221;]<\/p>\n<p style=\"text-align: center;\"><span style=\"font-size: 10pt; color: #284754;\"><em><strong>Planta Duplex 2\u00ba Pavimento<\/strong><\/em><\/span><\/p>\n<p>[\/vc_column_text][\/vc_column_inner][\/vc_row_inner][\/vc_column][\/vc_row]<\/p>\n<\/div>","protected":false},"excerpt":{"rendered":"<p>[vc_row css=&#8221;.vc_custom_1607371877174{margin-top: 50px !important;margin-bottom: 15px !important;}&#8221;][vc_column][vc_column_text css=&#8221;.vc_custom_1607537777163{margin-bottom: 0px !important;}&#8221;] Um apartamento que vai fazer voc\u00ea se sentir em casa [\/vc_column_text][\/vc_column][\/vc_row][vc_row css=&#8221;.vc_custom_1607443526079{margin-bottom: 10px !important;}&#8221;][vc_column width=&#8221;1\/6&#8243;][\/vc_column][vc_column width=&#8221;2\/3&#8243;][vc_column_text css=&#8221;.vc_custom_1607616301982{margin-top:<span class=\"excerpt-hellip\"> [\u2026]<\/span><\/p>\n","protected":false},"author":1,"featured_media":0,"parent":0,"menu_order":0,"comment_status":"closed","ping_status":"closed","template":"","meta":{"footnotes":""},"class_list":["post-104","page","type-page","status-publish","hentry"],"_links":{"self":[{"href":"https:\/\/pinheirodesa.com\/nextresidence\/wp-json\/wp\/v2\/pages\/104","targetHints":{"allow":["GET"]}}],"collection":[{"href":"https:\/\/pinheirodesa.com\/nextresidence\/wp-json\/wp\/v2\/pages"}],"about":[{"href":"https:\/\/pinheirodesa.com\/nextresidence\/wp-json\/wp\/v2\/types\/page"}],"author":[{"embeddable":true,"href":"https:\/\/pinheirodesa.com\/nextresidence\/wp-json\/wp\/v2\/users\/1"}],"replies":[{"embeddable":true,"href":"https:\/\/pinheirodesa.com\/nextresidence\/wp-json\/wp\/v2\/comments?post=104"}],"version-history":[{"count":53,"href":"https:\/\/pinheirodesa.com\/nextresidence\/wp-json\/wp\/v2\/pages\/104\/revisions"}],"predecessor-version":[{"id":996,"href":"https:\/\/pinheirodesa.com\/nextresidence\/wp-json\/wp\/v2\/pages\/104\/revisions\/996"}],"wp:attachment":[{"href":"https:\/\/pinheirodesa.com\/nextresidence\/wp-json\/wp\/v2\/media?parent=104"}],"curies":[{"name":"wp","href":"https:\/\/api.w.org\/{rel}","templated":true}]}}