{"id":102,"date":"2020-11-26T17:44:09","date_gmt":"2020-11-26T20:44:09","guid":{"rendered":"http:\/\/pinheirodesa.com\/nextresidence\/?page_id=102"},"modified":"2025-11-23T18:23:56","modified_gmt":"2025-11-23T21:23:56","slug":"imagens","status":"publish","type":"page","link":"https:\/\/pinheirodesa.com\/nextresidence\/imagens\/","title":{"rendered":"Conhe\u00e7a as Perspectivas do Next"},"content":{"rendered":"<div class=\"wpb-content-wrapper\"><p>[vc_row css=&#8221;.vc_custom_1607373801807{margin-top: 50px !important;margin-bottom: 15px !important;}&#8221;][vc_column width=&#8221;1\/2&#8243;][vc_single_image image=&#8221;501&#8243; img_size=&#8221;full&#8221; alignment=&#8221;center&#8221; style=&#8221;vc_box_shadow_border&#8221; onclick=&#8221;link_image&#8221;][\/vc_column][vc_column width=&#8221;1\/2&#8243;][vc_column_text]<span style=\"font-size: 24pt; line-height: 35px; color: #284754;\"><strong>Imagine um im\u00f3vel com a sofistica\u00e7\u00e3o dos grandes centros urbanos, mas com o ar puro das fazendas.<\/strong><\/span><\/p>\n<p class=\"p1\">Este \u00e9 o Next. Um empreendimento com amplos apartamentos de 3 quartos com su\u00edte e\u00a0\u00e1rea privativa de 95 a 105 m\u00b2. Al\u00e9m disso, voc\u00ea tamb\u00e9m pode optar por coberturas duplex\u00a0com at\u00e9 181 m\u00b2 e at\u00e9 4 su\u00edtes.<\/p>\n<p><span style=\"color: #284754;\"><strong><span style=\"font-size: 14pt;\">Um espa\u00e7o moderno, com vista livre para o Mestre \u00c1lvaro e tendo a natureza como vizinha. \u00c9 um apartamento, mas voc\u00ea vai se sentir em casa.<\/span><\/strong><\/span><\/p>\n<p><span style=\"color: #ff6600;\"><em>Imagens meramente ilustrativas.<\/em><\/span>[\/vc_column_text][\/vc_column][\/vc_row][vc_row css=&#8221;.vc_custom_1607373801807{margin-top: 50px !important;margin-bottom: 15px !important;}&#8221;][vc_column][vc_cta h2=&#8221;ATEN\u00c7\u00c3O&#8221; txt_align=&#8221;center&#8221;]Imagens e plantas como sugest\u00e3o de decora\u00e7\u00e3o meramente ilustrativas. Rela\u00e7\u00e3o de objetos, acabamentos e instala\u00e7\u00f5es no memorial descritivo do empreendimento.[\/vc_cta][\/vc_column][\/vc_row][vc_row full_width=&#8221;stretch_row&#8221; seperator_enable=&#8221;seperator_enable_value&#8221; seperator_type=&#8221;xlarge_triangle_left_seperator&#8221; seperator_svg_height=&#8221;50&#8243; css=&#8221;.vc_custom_1607373768789{padding-top: 20px !important;background-color: #ededed !important;}&#8221;][vc_column width=&#8221;1\/3&#8243;][vc_single_image image=&#8221;171&#8243; img_size=&#8221;full&#8221; alignment=&#8221;center&#8221; style=&#8221;vc_box_shadow_border&#8221; onclick=&#8221;link_image&#8221; css=&#8221;.vc_custom_1607121192088{margin-bottom: 0px !important;}&#8221;][vc_column_text]<\/p>\n<p style=\"text-align: center;\"><em>Sala com Living Ampliado<\/em><\/p>\n<p>[\/vc_column_text][\/vc_column][vc_column width=&#8221;1\/3&#8243;][vc_single_image image=&#8221;172&#8243; img_size=&#8221;full&#8221; alignment=&#8221;center&#8221; style=&#8221;vc_box_shadow_border&#8221; onclick=&#8221;link_image&#8221; css=&#8221;.vc_custom_1607121216555{margin-bottom: 0px !important;}&#8221;][vc_column_text]<\/p>\n<p style=\"text-align: center;\"><em>Sala com Living Ampliado<\/em><\/p>\n<p>[\/vc_column_text][\/vc_column][vc_column width=&#8221;1\/3&#8243;][vc_single_image image=&#8221;173&#8243; img_size=&#8221;full&#8221; alignment=&#8221;center&#8221; style=&#8221;vc_box_shadow_border&#8221; onclick=&#8221;link_image&#8221; css=&#8221;.vc_custom_1607121241236{margin-bottom: 0px !important;}&#8221;][vc_column_text]<\/p>\n<p style=\"text-align: center;\"><em>Varanda Integrada<\/em><\/p>\n<p>[\/vc_column_text][\/vc_column][\/vc_row][vc_row full_width=&#8221;stretch_row&#8221; css=&#8221;.vc_custom_1607118214599{background-color: #ededed !important;}&#8221;][vc_column width=&#8221;1\/3&#8243;][vc_single_image image=&#8221;174&#8243; img_size=&#8221;full&#8221; alignment=&#8221;center&#8221; style=&#8221;vc_box_shadow_border&#8221; onclick=&#8221;link_image&#8221; css=&#8221;.vc_custom_1607121200827{margin-bottom: 0px !important;}&#8221;][vc_column_text]<\/p>\n<p style=\"text-align: center;\"><em>Espa\u00e7o Gourmet<\/em><\/p>\n<p>[\/vc_column_text][\/vc_column][vc_column width=&#8221;1\/3&#8243;][vc_single_image image=&#8221;175&#8243; img_size=&#8221;full&#8221; alignment=&#8221;center&#8221; style=&#8221;vc_box_shadow_border&#8221; onclick=&#8221;link_image&#8221; css=&#8221;.vc_custom_1607121225930{margin-bottom: 0px !important;}&#8221;][vc_column_text]<\/p>\n<p style=\"text-align: center;\"><em>Sal\u00e3o de Festas<\/em><\/p>\n<p>[\/vc_column_text][\/vc_column][vc_column width=&#8221;1\/3&#8243;][vc_single_image image=&#8221;176&#8243; img_size=&#8221;full&#8221; alignment=&#8221;center&#8221; style=&#8221;vc_box_shadow_border&#8221; onclick=&#8221;link_image&#8221; css=&#8221;.vc_custom_1607121248986{margin-bottom: 0px !important;}&#8221;][vc_column_text]<\/p>\n<p style=\"text-align: center;\"><em>Espa\u00e7o Grill<\/em><\/p>\n<p>[\/vc_column_text][\/vc_column][\/vc_row][vc_row full_width=&#8221;stretch_row&#8221; css=&#8221;.vc_custom_1607118228416{background-color: #ededed !important;}&#8221;][vc_column width=&#8221;1\/3&#8243;][vc_single_image image=&#8221;178&#8243; img_size=&#8221;full&#8221; alignment=&#8221;center&#8221; style=&#8221;vc_box_shadow_border&#8221; onclick=&#8221;link_image&#8221; css=&#8221;.vc_custom_1607121233099{margin-bottom: 0px !important;}&#8221;][vc_column_text]<\/p>\n<p style=\"text-align: center;\"><em>Espa\u00e7o Kids<\/em><\/p>\n<p>[\/vc_column_text][\/vc_column][vc_column width=&#8221;1\/3&#8243;][vc_single_image image=&#8221;179&#8243; img_size=&#8221;full&#8221; alignment=&#8221;center&#8221; style=&#8221;vc_box_shadow_border&#8221; onclick=&#8221;link_image&#8221; css=&#8221;.vc_custom_1607121257188{margin-bottom: 0px !important;}&#8221;][vc_column_text]<\/p>\n<p style=\"text-align: center;\"><em>Piscina<\/em><\/p>\n<p>[\/vc_column_text][\/vc_column][vc_column width=&#8221;1\/3&#8243;][\/vc_column][\/vc_row]<\/p>\n<\/div>","protected":false},"excerpt":{"rendered":"<p>[vc_row css=&#8221;.vc_custom_1607373801807{margin-top: 50px !important;margin-bottom: 15px !important;}&#8221;][vc_column width=&#8221;1\/2&#8243;][vc_single_image image=&#8221;501&#8243; img_size=&#8221;full&#8221; alignment=&#8221;center&#8221; style=&#8221;vc_box_shadow_border&#8221; onclick=&#8221;link_image&#8221;][\/vc_column][vc_column width=&#8221;1\/2&#8243;][vc_column_text]Imagine um im\u00f3vel com a sofistica\u00e7\u00e3o dos grandes centros urbanos, mas com o ar<span class=\"excerpt-hellip\"> [\u2026]<\/span><\/p>\n","protected":false},"author":1,"featured_media":0,"parent":0,"menu_order":0,"comment_status":"closed","ping_status":"closed","template":"","meta":{"footnotes":""},"class_list":["post-102","page","type-page","status-publish","hentry"],"_links":{"self":[{"href":"https:\/\/pinheirodesa.com\/nextresidence\/wp-json\/wp\/v2\/pages\/102","targetHints":{"allow":["GET"]}}],"collection":[{"href":"https:\/\/pinheirodesa.com\/nextresidence\/wp-json\/wp\/v2\/pages"}],"about":[{"href":"https:\/\/pinheirodesa.com\/nextresidence\/wp-json\/wp\/v2\/types\/page"}],"author":[{"embeddable":true,"href":"https:\/\/pinheirodesa.com\/nextresidence\/wp-json\/wp\/v2\/users\/1"}],"replies":[{"embeddable":true,"href":"https:\/\/pinheirodesa.com\/nextresidence\/wp-json\/wp\/v2\/comments?post=102"}],"version-history":[{"count":41,"href":"https:\/\/pinheirodesa.com\/nextresidence\/wp-json\/wp\/v2\/pages\/102\/revisions"}],"predecessor-version":[{"id":994,"href":"https:\/\/pinheirodesa.com\/nextresidence\/wp-json\/wp\/v2\/pages\/102\/revisions\/994"}],"wp:attachment":[{"href":"https:\/\/pinheirodesa.com\/nextresidence\/wp-json\/wp\/v2\/media?parent=102"}],"curies":[{"name":"wp","href":"https:\/\/api.w.org\/{rel}","templated":true}]}}