{"id":100,"date":"2020-11-26T17:43:41","date_gmt":"2020-11-26T20:43:41","guid":{"rendered":"http:\/\/pinheirodesa.com\/nextresidence\/?page_id=100"},"modified":"2025-11-26T18:06:44","modified_gmt":"2025-11-26T21:06:44","slug":"sobre","status":"publish","type":"page","link":"https:\/\/pinheirodesa.com\/nextresidence\/sobre\/","title":{"rendered":"Saiba mais sobre nosso Empreendimento"},"content":{"rendered":"<div class=\"wpb-content-wrapper\"><p>[vc_row full_width=&#8221;stretch_row&#8221; css=&#8221;.vc_custom_1607118141320{padding-top: 40px !important;background-color: #ededed !important;}&#8221;][vc_column width=&#8221;1\/2&#8243;][vc_single_image image=&#8221;374&#8243; img_size=&#8221;full&#8221; alignment=&#8221;center&#8221; style=&#8221;vc_box_shadow_border&#8221; css=&#8221;.vc_custom_1607349003135{margin-bottom: 0px !important;}&#8221;][\/vc_column][vc_column width=&#8221;1\/2&#8243;][vc_column_text]<span style=\"color: #284754;\"><strong><span style=\"font-size: 24pt; line-height: 35px;\">O Mundo Mudou. O Jeito de Morar Tamb\u00e9m.<\/span><\/strong><\/span>[\/vc_column_text][vc_separator color=&#8221;custom&#8221; css=&#8221;.vc_custom_1607348685855{margin-top: 15px !important;margin-bottom: 35px !important;}&#8221; accent_color=&#8221;#86c44f&#8221;][vc_column_text css=&#8221;&#8221;]No mundo p\u00f3s-pandemia, muitas pessoas criaram novos h\u00e1bitos de consumo, lazer e de relacionar-se tanto uns com os outros, como consigo pr\u00f3prias e com seus lares, criando novos requisitos em termos de conforto, seguran\u00e7a, lazer e um espa\u00e7o que proporcione cuidados com a sa\u00fade, tanto em aspecto f\u00edsico quanto psicol\u00f3gico.<\/p>\n<p><span style=\"color: #284754;\"><strong><span style=\"font-size: 14pt;\">O Next Residence veio para atender todas essas demandas. E por longos anos.<\/span><\/strong><\/span><\/p>\n<p>Com todos seus diferenciais, que se projetam para o futuro, seu investimento no Next e o<br \/>\nretorno financeiro tornam-se ainda mais assertivos.[\/vc_column_text][vc_btn title=&#8221;FALE CONOSCO&#8221; style=&#8221;custom&#8221; custom_background=&#8221;#86C44F&#8221; custom_text=&#8221;#ffffff&#8221; i_align=&#8221;right&#8221; i_icon_fontawesome=&#8221;fab fa-whatsapp&#8221; css=&#8221;&#8221; add_icon=&#8221;true&#8221; link=&#8221;url:https%3A%2F%2Fwa.me%2F5527997199133%3Ftext%3DGostaria%2520de%2520conhecer%2520melhor%2520o%2520Next%2520Residence|title:Fale%20Conosco&#8221;][\/vc_column][\/vc_row][vc_row full_width=&#8221;stretch_row&#8221; seperator_enable=&#8221;seperator_enable_value&#8221; seperator_type=&#8221;xlarge_triangle_right_seperator&#8221; seperator_position=&#8221;bottom_seperator&#8221; seperator_svg_height=&#8221;50&#8243; css=&#8221;.vc_custom_1607542190856{padding-bottom: 45px !important;background-color: #ededed !important;}&#8221; el_id=&#8221;saude&#8221;][vc_column width=&#8221;1\/2&#8243;][vc_column_text]<span style=\"color: #284754;\"><strong><span style=\"font-size: 24pt; line-height: 35px;\">Sa\u00fade, Seguran\u00e7a e Qualidade de Vida<\/span><\/strong><\/span><\/p>\n<p>Localizado na regi\u00e3o com a melhor qualidade de ar da Grande Vit\u00f3ria, o Next \u00e9 cercado pela natureza e pelo que h\u00e1 de mais eficiente em seguran\u00e7a condominial, sendo monitorado dia e noite.<\/p>\n<p><span style=\"color: #284754;\"><strong><span style=\"font-size: 14pt;\">O condom\u00ednio ainda possui amplo espa\u00e7o e facilidades para que voc\u00ea e sua fam\u00edlia possam cuidar da sa\u00fade, seguros e ao ar livre.<\/span><\/strong><\/span><\/p>\n<ul>\n<li>Monitoramento 24h por dia;<\/li>\n<li>Longe de aglomera\u00e7\u00f5es;<\/li>\n<li>Ambiente para uma inf\u00e2ncia saud\u00e1vel;<\/li>\n<li>Pr\u00f3ximo aos principais servi\u00e7os essenciais;<\/li>\n<\/ul>\n<p>[\/vc_column_text][\/vc_column][vc_column width=&#8221;1\/2&#8243;][vc_single_image image=&#8221;377&#8243; img_size=&#8221;full&#8221; alignment=&#8221;center&#8221; style=&#8221;vc_box_shadow_border&#8221; css=&#8221;.vc_custom_1607349050920{margin-bottom: 0px !important;}&#8221;][\/vc_column][\/vc_row][vc_row css=&#8221;.vc_custom_1607373649749{margin-top: 25px !important;}&#8221;][vc_column width=&#8221;1\/2&#8243;][vc_single_image image=&#8221;593&#8243; img_size=&#8221;full&#8221; alignment=&#8221;center&#8221; style=&#8221;vc_box_shadow_border&#8221; css=&#8221;.vc_custom_1607534523826{margin-bottom: 0px !important;}&#8221;][\/vc_column][vc_column width=&#8221;1\/2&#8243;][vc_column_text]<span style=\"color: #284754;\"><strong><span style=\"font-size: 24pt;\">Lazer Next <\/span><\/strong><\/span><\/p>\n<p><span style=\"color: #284754;\"><strong><span style=\"font-size: 14pt;\">O Next ainda oferece atrativos \u00fanicos aos seus moradores, permitindo usufruir de momentos mais intimistas com a fam\u00edlia e convidados no lazer privativo do condom\u00ednio.<\/span><\/strong><\/span><\/p>\n<ul>\n<li>Piscina;<\/li>\n<li>Espa\u00e7o Grill;<\/li>\n<li>Espa\u00e7o Gourmet;<\/li>\n<li>Espa\u00e7o Kids;<\/li>\n<li>Sal\u00e3o de Festas.<\/li>\n<\/ul>\n<p class=\"p1\">O empreendimento conta ainda com o acesso \u00e0 maior \u00e1rea de recrea\u00e7\u00e3o a c\u00e9u\u00a0aberto do Esp\u00edrito Santo, no Clube Alphaville, um dos mais exclusivos do estado*.<\/p>\n<p class=\"p2\"><em><span style=\"font-size: 8pt;\"><span class=\"s1\">* <\/span>Benef\u00edcio v\u00e1lido apenas ap\u00f3s a conclus\u00e3o e entrega do empreendimento.<\/span><\/em><\/p>\n<p>[\/vc_column_text][\/vc_column][\/vc_row]<\/p>\n<\/div>","protected":false},"excerpt":{"rendered":"<p>[vc_row full_width=&#8221;stretch_row&#8221; css=&#8221;.vc_custom_1607118141320{padding-top: 40px !important;background-color: #ededed !important;}&#8221;][vc_column width=&#8221;1\/2&#8243;][vc_single_image image=&#8221;374&#8243; img_size=&#8221;full&#8221; alignment=&#8221;center&#8221; style=&#8221;vc_box_shadow_border&#8221; css=&#8221;.vc_custom_1607349003135{margin-bottom: 0px !important;}&#8221;][\/vc_column][vc_column width=&#8221;1\/2&#8243;][vc_column_text]O Mundo Mudou. O Jeito de Morar Tamb\u00e9m.[\/vc_column_text][vc_separator color=&#8221;custom&#8221; css=&#8221;.vc_custom_1607348685855{margin-top: 15px<span class=\"excerpt-hellip\"> [\u2026]<\/span><\/p>\n","protected":false},"author":1,"featured_media":0,"parent":0,"menu_order":0,"comment_status":"closed","ping_status":"closed","template":"","meta":{"footnotes":""},"class_list":["post-100","page","type-page","status-publish","hentry"],"_links":{"self":[{"href":"https:\/\/pinheirodesa.com\/nextresidence\/wp-json\/wp\/v2\/pages\/100","targetHints":{"allow":["GET"]}}],"collection":[{"href":"https:\/\/pinheirodesa.com\/nextresidence\/wp-json\/wp\/v2\/pages"}],"about":[{"href":"https:\/\/pinheirodesa.com\/nextresidence\/wp-json\/wp\/v2\/types\/page"}],"author":[{"embeddable":true,"href":"https:\/\/pinheirodesa.com\/nextresidence\/wp-json\/wp\/v2\/users\/1"}],"replies":[{"embeddable":true,"href":"https:\/\/pinheirodesa.com\/nextresidence\/wp-json\/wp\/v2\/comments?post=100"}],"version-history":[{"count":55,"href":"https:\/\/pinheirodesa.com\/nextresidence\/wp-json\/wp\/v2\/pages\/100\/revisions"}],"predecessor-version":[{"id":999,"href":"https:\/\/pinheirodesa.com\/nextresidence\/wp-json\/wp\/v2\/pages\/100\/revisions\/999"}],"wp:attachment":[{"href":"https:\/\/pinheirodesa.com\/nextresidence\/wp-json\/wp\/v2\/media?parent=100"}],"curies":[{"name":"wp","href":"https:\/\/api.w.org\/{rel}","templated":true}]}}